{"id":3,"date":"2020-02-28T08:49:38","date_gmt":"2020-02-28T08:49:38","guid":{"rendered":"http:\/\/uzletiforum.videoton.hu\/?page_id=3"},"modified":"2026-03-26T08:17:23","modified_gmt":"2026-03-26T08:17:23","slug":"adatkezelesi-tajekoztato","status":"publish","type":"page","link":"https:\/\/uzletiforum.videoton.hu\/index.php\/adatkezelesi-tajekoztato\/","title":{"rendered":"ADATKEZEL\u00c9SI T\u00c1J\u00c9KOZTAT\u00d3"},"content":{"rendered":"<div data-colibri-id=\"3-c1\" class=\"style-812 style-local-3-c1 position-relative\">\n  <!---->\n  <div data-colibri-component=\"section\" data-colibri-id=\"3-c2\" id=\"content\" class=\"h-section h-section-global-spacing d-flex align-items-lg-center align-items-md-center align-items-center style-821 style-local-3-c2 position-relative\">\n    <!---->\n    <!---->\n    <div class=\"h-section-grid-container h-section-boxed-container\">\n      <!---->\n      <div data-colibri-id=\"3-c3\" class=\"h-row-container gutters-row-lg-2 gutters-row-md-2 gutters-row-0 gutters-row-v-lg-2 gutters-row-v-md-2 gutters-row-v-2 style-829 style-local-3-c3 position-relative\">\n        <!---->\n        <div class=\"h-row justify-content-lg-center justify-content-md-center justify-content-center align-items-lg-stretch align-items-md-stretch align-items-stretch gutters-col-lg-2 gutters-col-md-2 gutters-col-0 gutters-col-v-lg-2 gutters-col-v-md-2 gutters-col-v-2\">\n          <!---->\n          <div class=\"h-column h-column-container d-flex h-col-lg-auto h-col-md-auto h-col-auto style-830-outer style-local-3-c4-outer\">\n            <div data-colibri-id=\"3-c4\" class=\"d-flex h-flex-basis h-column__inner h-px-lg-2 h-px-md-2 h-px-2 v-inner-lg-2 v-inner-md-2 v-inner-2 style-830 style-local-3-c4 position-relative\">\n              <!---->\n              <!---->\n              <div class=\"w-100 h-y-container h-column__content h-column__v-align flex-basis-100 align-self-lg-start align-self-md-start align-self-start\">\n                <!---->\n                <div data-colibri-id=\"3-c5\" class=\"h-lead h-text h-text-component style-828 style-local-3-c5 position-relative h-element\">\n                  <!---->\n                  <!---->\n                  <div class=\"\">\n                    <p><span style=\"font-weight: 600;\">ADATKEZEL\u00c9SI T\u00c1J\u00c9KOZTAT\u00d3<\/span><\/p>\n                    <p>a <span style=\"font-weight: 600;\">Sz\u00e9kesfeh\u00e9rv\u00e1ri \u00dczleti F\u00f3rum<\/span> (2026. m\u00e1jus 13. Mercure Hotel Magyar Kir\u00e1ly) rendezv\u00e9ny kapcs\u00e1n<\/p>\n                    <p>Adatkezel\u0151: Az adatkezel\u0151 a rendezv\u00e9ny szervez\u0151je, a VIDEOTON HOLDING ZRt. (8000 Sz\u00e9kesfeh\u00e9rv\u00e1r, Ber\u00e9nyi \u00fat 72-100. e-mail: <span style=\"font-weight: 300;\">uzletiforum@videoton.hu<\/span>)<\/p>\n                    <p><span style=\"font-weight: 600;\">Kezelt szem\u00e9lyes adatok k\u00f6re:<\/span><\/p>\n                    <p>&#8211; n\u00e9v, e-mail c\u00edm, c\u00e9g\/szervezet neve: azonos\u00edt\u00e1s, kapcsolattart\u00e1s, \u00fczleti kapcsolat\u00e9p\u00edt\u00e9s c\u00e9lj\u00e1b\u00f3l.<\/p>\n                    <p>&#8211; rendezv\u00e9nyen k\u00e9sz\u00fclt k\u00e9p- \u00e9s hangfelv\u00e9telek a r\u00e9sztvev\u0151kr\u0151l, amelyek felhaszn\u00e1l\u00e1sra ker\u00fclhetnek a k\u00f6vetkez\u0151 c\u00e9lokra: marketing c\u00e9l\u00fa felhaszn\u00e1l\u00e1s nyomtatott \u00e9s online fel\u00fcleten, az adatkezel\u0151 honlapj\u00e1n, facebook oldalon, illetve a\n                      rendezv\u00e9ny sajt\u00f3nyilv\u00e1noss\u00e1g\u00e1ra tekintettel a sajt\u00f3ban, k\u00fcl\u00f6nb\u00f6z\u0151 m\u00e9diumokban.<\/p>\n                    <p><span style=\"font-weight: 600;\">Adatkezel\u00e9s c\u00e9lja<\/span>: rendezv\u00e9nyszervez\u00e9s, kapcsolatfelv\u00e9tel, kapcsolattart\u00e1s, marketing \u00e9s prom\u00f3ci\u00f3s c\u00e9lok<\/p>\n                    <p><span style=\"font-weight: 600;\">Adatkezel\u00e9s jogalapja<\/span>: az \u00e9rintett hozz\u00e1j\u00e1rul\u00e1sa, \u00e9s az adatkezel\u0151 jogos \u00e9rdeke<\/p>\n                    <p><span style=\"font-weight: 600;\">Adatkezel\u00e9s id\u0151tartama<\/span>: hozz\u00e1j\u00e1rul\u00e1sa visszavon\u00e1s\u00e1ig, illetve k\u00e9r\u00e9s\u00e9re t\u00f6rt\u00e9n\u0151 t\u00f6rl\u00e9s\u00e9ig; illetve egyebekben a fenti adatokat a VIDEOTON HOLDING ZRt. addig \u0151rzi meg, am\u00edg az sz\u00fcks\u00e9gesnek tekinthet\u0151\n                      abb\u00f3l a c\u00e9lb\u00f3l, amely c\u00e9lra az adatgy\u0171jt\u00e9s t\u00f6rt\u00e9nt: egy\u00e9b konkr\u00e9t jogszab\u00e1lyi illetve m\u00e1s el\u0151\u00edr\u00e1s hi\u00e1ny\u00e1ban a meg\u0151rz\u00e9si id\u0151 nem haladja meg a felv\u00e9telk\u00e9sz\u00edt\u00e9s, illetve kapcsolatfelv\u00e9teli adatok eset\u00e9n az utols\u00f3 kapcsolatfelv\u00e9tel\n                      d\u00e1tum\u00e1t\u00f3l sz\u00e1m\u00edtott 5 \u00e9vet.<\/p>\n                    <p><span style=\"font-weight: 600;\">\u00c9rintetti jogok<\/span>: \u00d6n k\u00e9relmezheti az \u00d6nre vonatkoz\u00f3 szem\u00e9lyes adatokhoz val\u00f3 hozz\u00e1f\u00e9r\u00e9st, azok helyesb\u00edt\u00e9s\u00e9t, t\u00f6rl\u00e9s\u00e9t vagy kezel\u00e9s\u00e9nek korl\u00e1toz\u00e1s\u00e1t, \u00e9s tiltakozhat az ilyen szem\u00e9lyes adatok kezel\u00e9se\n                      ellen, valamint megilleti az adathordozhat\u00f3s\u00e1ghoz val\u00f3 jog.<\/p>\n                    <p><span style=\"font-weight: 600;\">Jogorvoslat<\/span>: Az adatkezel\u00e9ssel kapcsolatos kifog\u00e1sai eset\u00e9n jogosult a lak\u00f3helye szerint illet\u00e9kes t\u00f6rv\u00e9nysz\u00e9khez fordulni, vagy az Nemzeti Adatv\u00e9delmi \u00e9s Inform\u00e1ci\u00f3szabads\u00e1g Hat\u00f3s\u00e1gn\u00e1l (1055\n                      Budapest, Falk Miksa u. 9-11.,\n                      <a href=\"https:\/\/uzletiforum.videoton.hu\/index.php\/adatkezelesi-tajekoztato\/www.naih.hu\" target=\"_blank\" rel=\"noopener\">www.naih.hu<\/a>, e-mail: ugyfelszolgalat@naih.hu, levelez\u00e9si c\u00edm: 1363 Budapest, Pf.: 9.) panaszt tenni.<\/p>\n                    <p>Hozz\u00e1j\u00e1rul\u00e1s alapj\u00e1n kezelt adatok eset\u00e9ben a hozz\u00e1j\u00e1rul\u00e1s visszavon\u00e1sa nem \u00e9rinti a visszavon\u00e1s el\u0151tt a hozz\u00e1j\u00e1rul\u00e1s alapj\u00e1n v\u00e9grehajtott adatkezel\u00e9s jogszer\u0171s\u00e9g\u00e9t.<\/p>\n                    <p>Tov\u00e1bbi r\u00e9szleteket az \u00e9rintetti jogokr\u00f3l, az adatkezel\u0151 adatair\u00f3l, a jogorvoslati lehet\u0151s\u00e9gekr\u0151l \u00e9s az egy\u00e9b r\u00e9szletes szab\u00e1lyokr\u00f3l az adatkezel\u0151 honlapj\u00e1n (\n                      <a href=\"https:\/\/uzletiforum.videoton.hu\/index.php\/adatkezelesi-tajekoztato\/www.videoton.hu\" target=\"_blank\" rel=\"noopener\">www.videoton.hu<\/a>) tal\u00e1lhat\u00f3 Adatv\u00e9delmi T\u00e1j\u00e9koztat\u00f3 tartalmaz.<\/p>\n                    <p>\n                      <br>\n                    <\/p>\n                  <\/div>\n                <\/div>\n              <\/div>\n            <\/div>\n          <\/div>\n        <\/div>\n      <\/div>\n    <\/div>\n  <\/div>\n<\/div>","protected":false},"excerpt":{"rendered":"<p>ADATKEZEL\u00c9SI T\u00c1J\u00c9KOZTAT\u00d3 a Sz\u00e9kesfeh\u00e9rv\u00e1ri \u00dczleti F\u00f3rum (2026. m\u00e1jus 13. Mercure Hotel Magyar Kir\u00e1ly) rendezv\u00e9ny kapcs\u00e1n Adatkezel\u0151: Az adatkezel\u0151 a rendezv\u00e9ny szervez\u0151je, a VIDEOTON HOLDING ZRt. (8000 Sz\u00e9kesfeh\u00e9rv\u00e1r, Ber\u00e9nyi \u00fat 72-100. e-mail: uzletiforum@videoton.hu) Kezelt szem\u00e9lyes adatok k\u00f6re: &#8211; n\u00e9v, e-mail c\u00edm, c\u00e9g\/szervezet neve: azonos\u00edt\u00e1s, kapcsolattart\u00e1s, \u00fczleti kapcsolat\u00e9p\u00edt\u00e9s c\u00e9lj\u00e1b\u00f3l. &#8211; rendezv\u00e9nyen k\u00e9sz\u00fclt k\u00e9p- \u00e9s hangfelv\u00e9telek a r\u00e9sztvev\u0151kr\u0151l, [&hellip;]<\/p>\n","protected":false},"author":1,"featured_media":0,"parent":0,"menu_order":0,"comment_status":"closed","ping_status":"open","template":"page-templates\/full-width-page.php","meta":{"footnotes":""},"_links":{"self":[{"href":"https:\/\/uzletiforum.videoton.hu\/index.php\/wp-json\/wp\/v2\/pages\/3"}],"collection":[{"href":"https:\/\/uzletiforum.videoton.hu\/index.php\/wp-json\/wp\/v2\/pages"}],"about":[{"href":"https:\/\/uzletiforum.videoton.hu\/index.php\/wp-json\/wp\/v2\/types\/page"}],"author":[{"embeddable":true,"href":"https:\/\/uzletiforum.videoton.hu\/index.php\/wp-json\/wp\/v2\/users\/1"}],"replies":[{"embeddable":true,"href":"https:\/\/uzletiforum.videoton.hu\/index.php\/wp-json\/wp\/v2\/comments?post=3"}],"version-history":[{"count":13,"href":"https:\/\/uzletiforum.videoton.hu\/index.php\/wp-json\/wp\/v2\/pages\/3\/revisions"}],"predecessor-version":[{"id":2023,"href":"https:\/\/uzletiforum.videoton.hu\/index.php\/wp-json\/wp\/v2\/pages\/3\/revisions\/2023"}],"wp:attachment":[{"href":"https:\/\/uzletiforum.videoton.hu\/index.php\/wp-json\/wp\/v2\/media?parent=3"}],"curies":[{"name":"wp","href":"https:\/\/api.w.org\/{rel}","templated":true}]}}